{"id":24,"date":"2026-03-15T13:04:05","date_gmt":"2026-03-15T12:04:05","guid":{"rendered":"https:\/\/charlys-scheunenfunde.ch\/?page_id=24"},"modified":"2026-03-25T09:54:24","modified_gmt":"2026-03-25T08:54:24","slug":"charlys-scheunenfunde","status":"publish","type":"page","link":"https:\/\/charlys-scheunenfunde.ch\/","title":{"rendered":"Charlys Scheunenfunde"},"content":{"rendered":"<section class=\"bde-section-24-106 bde-section\">\n  \n  \n\t\n\n\n\n<div class=\"section-container\"><h1 class=\"bde-heading-24-104 bde-heading\">\nHallo und Gr\u00fcezi\n<\/h1><div class=\"bde-text-24-105 bde-text\">\nIch heisse Sie herzlich willkommen auf der Internetseite von Charlys Scheunenfunde. <br>Hier finden Sie Informationen \u00fcber unsere Angebote und Neuigkeiten zu den Ausstellungsst\u00fccken.\n<\/div><div class=\"bde-columns-24-109 bde-columns\"><div class=\"bde-column-24-110 bde-column\">\n              \n  \n  \n\t\n\n  <div class=\"section-background-overlay\"><\/div>\n\n\n<h3 class=\"bde-heading-24-111 bde-heading\">\nTansmisonen-Ger\u00e4te\n<\/h3><div class=\"bde-text-24-112 bde-text\">\nTransmissions-Ger\u00e4te waren fr\u00fcher in vielen Fabriken zu finden. Sie halfen dabei, die Kraft von einem Motor auf mehrere Maschinen zu \u00fcbertragen. Das geschah mit Wellen, Riemen und R\u00e4dern. So konnten viele Maschinen gleichzeitig arbeiten. Heute werden solche Ger\u00e4te kaum noch benutzt, aber sie sind ein wichtiger Teil der Industriegeschichte. \n<\/div><a class=\"bde-text-link-24-113 bde-text-link breakdance-link\" href=\"#\" target=\"_self\" data-type=\"url\">\n  Weitere Informationen >\n\n<\/a>\n<\/div><div class=\"bde-column-24-114 bde-column\">\n              \n  \n  \n\t\n\n  <div class=\"section-background-overlay\"><\/div>\n\n\n<h3 class=\"bde-heading-24-115 bde-heading\">\nHaushalts-Ger\u00e4te \n<\/h3><div class=\"bde-text-24-116 bde-text\">\nSit amet nisl purus in mollis nunc sed id. Venenatis lectus magna fringilla urna porttitor rhoncus. Eget aliquet nibh.\n<\/div><a class=\"bde-text-link-24-128 bde-text-link breakdance-link\" href=\"#\" target=\"_self\" data-type=\"url\">\n  Weitere Informationen >\n\n<\/a>\n<\/div><div class=\"bde-column-24-119 bde-column\">\n              \n  \n  \n\t\n\n  <div class=\"section-background-overlay\"><\/div>\n\n\n<h3 class=\"bde-heading-24-120 bde-heading\">\nTreffen\n<\/h3><div class=\"bde-text-24-121 bde-text\">\nHendrerit sagittis pretium, enim mi duis euol vitae nunc penatibus fermentum id velit.\n<\/div><a class=\"bde-text-link-24-129 bde-text-link breakdance-link\" href=\"#\" target=\"_self\" data-type=\"url\">\n  Weitere Informationen >\n\n<\/a>\n<\/div><div class=\"bde-column-24-123 bde-column\">\n              \n  \n  \n\t\n\n  <div class=\"section-background-overlay\"><\/div>\n\n\n<h3 class=\"bde-heading-24-124 bde-heading\">\nTermine\n<\/h3><div class=\"bde-text-24-125 bde-text\">\nAt elementum eu facilisis sed odio morbi quis commodo. Ornare quam viverra orci sagittis eu volutpat odio facilisis mauris.\n<\/div><a class=\"bde-text-link-24-130 bde-text-link breakdance-link\" href=\"#\" target=\"_self\" data-type=\"url\">\n  Weitere Informationen >\n\n<\/a>\n<\/div><\/div><\/div>\n<\/section><section class=\"bde-section-24-131 bde-section\">\n              \n  \n  \n\t\n\n  <div class=\"section-background-overlay\"><\/div>\n\n\n<div class=\"section-container\"><h1 class=\"bde-heading-24-134 bde-heading\">\nTreffen Liebensberg\n<\/h1><div class=\"bde-video-24-132 bde-video\">\n<div class=\"ee-video-container\">\n            <video class=\"ee-video\" src=\"https:\/\/charlys-scheunenfunde.ch\/wp-content\/uploads\/2026\/03\/VIDEO-2026-02-04-11-13-33.mp4\"\n                               controls='true'                                                                controlsList=\"nodownload\"                playsinline\n        >\n        <\/video>\n    \n    <\/div>\n\n<\/div><\/div>\n<\/section><section class=\"bde-section-24-133 bde-section\">\n  \n  \n\t\n\n\n\n<div class=\"section-container\"><\/div>\n<\/section>","protected":false},"excerpt":{"rendered":"<p>Hallo und Gr\u00fcezi Ich heisse Sie herzlich willkommen auf der Internetseite von Charlys Scheunenfunde. Hier finden Sie Informationen \u00fcber unsere Angebote und Neuigkeiten zu den Ausstellungsst\u00fccken. Tansmisonen-Ger\u00e4te Transmissions-Ger\u00e4te waren fr\u00fcher in vielen Fabriken zu finden. Sie halfen dabei, die Kraft von einem Motor auf mehrere Maschinen zu \u00fcbertragen. Das geschah mit Wellen, Riemen und R\u00e4dern. [&hellip;]<\/p>\n","protected":false},"author":1,"featured_media":0,"parent":0,"menu_order":0,"comment_status":"closed","ping_status":"closed","template":"","meta":{"_breakdance_hide_in_design_set":false,"_breakdance_tags":"","footnotes":""},"class_list":["post-24","page","type-page","status-publish","hentry"],"_links":{"self":[{"href":"https:\/\/charlys-scheunenfunde.ch\/index.php\/wp-json\/wp\/v2\/pages\/24","targetHints":{"allow":["GET"]}}],"collection":[{"href":"https:\/\/charlys-scheunenfunde.ch\/index.php\/wp-json\/wp\/v2\/pages"}],"about":[{"href":"https:\/\/charlys-scheunenfunde.ch\/index.php\/wp-json\/wp\/v2\/types\/page"}],"author":[{"embeddable":true,"href":"https:\/\/charlys-scheunenfunde.ch\/index.php\/wp-json\/wp\/v2\/users\/1"}],"replies":[{"embeddable":true,"href":"https:\/\/charlys-scheunenfunde.ch\/index.php\/wp-json\/wp\/v2\/comments?post=24"}],"version-history":[{"count":23,"href":"https:\/\/charlys-scheunenfunde.ch\/index.php\/wp-json\/wp\/v2\/pages\/24\/revisions"}],"predecessor-version":[{"id":86,"href":"https:\/\/charlys-scheunenfunde.ch\/index.php\/wp-json\/wp\/v2\/pages\/24\/revisions\/86"}],"wp:attachment":[{"href":"https:\/\/charlys-scheunenfunde.ch\/index.php\/wp-json\/wp\/v2\/media?parent=24"}],"curies":[{"name":"wp","href":"https:\/\/api.w.org\/{rel}","templated":true}]}}